{"id":142,"date":"2014-02-21T19:59:02","date_gmt":"2014-02-21T17:59:02","guid":{"rendered":"http:\/\/relax-ferienhaus.com\/?page_id=142"},"modified":"2015-04-13T10:57:18","modified_gmt":"2015-04-13T08:57:18","slug":"unsere-ferienhaeuser","status":"publish","type":"page","link":"https:\/\/relax-ferienhaus.com\/herzlich-willkommen\/unsere-ferienhaeuser\/","title":{"rendered":"Unser Ferienhaus"},"content":{"rendered":"<p><strong>Unser Ferienhaus RELAX in Senftenberg &#8211; Gro\u00dfkoschen &#8211; am Senftenberger See &#8211; im Lausitzer Seenland<br \/>\n<\/strong><\/p>\n<p>Unsere massiv gebauten Unterk\u00fcnfte, im Stile eines Einfamilienhauses, sind im Jahr 2013<br \/>\nneu erbaut worden und sind hochmodern, exklusiv und stilvoll f\u00fcr sie ausgestattet.<\/p>\n<p>Die Ferienh\u00e4user mit ca 105 m2 Wohnfl\u00e4che \u00fcber 2 Etagen, bieten Platz f\u00fcr bis zu 6<br \/>\nPersonen je Fewo und haben folgendes zu bieten:<\/p>\n<p>* 600 m2 Grundst\u00fcck pro Ferienhaus<br \/>\n* \u00fcber 50 m2 Terrasse<br \/>\n* abschlie\u00dfbare Fahrradgarage<br \/>\n* 2 PKW Stellpl\u00e4tze<br \/>\n* Insektenschutz &amp; Roll\u00e4den an allen Fenstern<br \/>\n* Fu\u00dfbodenheizung auf beiden Ebenen<br \/>\n* moderne Heizungsanlage mit Solar f\u00fcr ganzj\u00e4hrigen Ferien-Betrieb<br \/>\n* romantisch gelegen am Waldesrand<br \/>\n* der Senftenberger See ist bequem zu Fu\u00df zu erreichen<br \/>\n* regionale und \u00fcberregionale Radwanderwege f\u00fchren genau durch unseren Ort<\/p>\n<p><strong>Obergeschoss:<\/strong><br \/>\n* 3 wundersch\u00f6ne Schlafzimmer, 2 x mit Doppelbett, 1 x mit zwei Einzelbetten<br \/>\n* hochwertige und allergikerfreundliche Matratzen<br \/>\n* alle Schlafzimmer mit eigenen Flat &#8211; TV<br \/>\n* Bad mit Doppelwaschtisch und WC<\/p>\n<p><strong>Erdgeschoss<\/strong><br \/>\n* stimmungsvoller Wohn- und Essbereich<br \/>\n* exklusive und vollausgestattete Einbauk\u00fcche ( Backofen\/Herd mit Ceranfeld,<br \/>\nMikrowelle, Geschirrsp\u00fcler, K\u00fchl- Gefrierkombi etc. )<br \/>\n* gro\u00dfer Tisch, zum Essen oder f\u00fcr gemeinsame Spielabende<br \/>\n* Kaminofen in Naturstein, f\u00fcr knisterndes &amp; romantisches Beisammensein<br \/>\n* bequeme Sofalandschaft, zum Ausziehen und zum Chillen<br \/>\n* 46 Zoll &#8211; 3D &#8211; TV, DVD \/ Blueray &#8211; Player, Stereoanlage<br \/>\n* wundersch\u00f6nes, gro\u00dfz\u00fcgiges Bad mit Doppelwaschtisch, WC, F\u00f6n, &#8230;<br \/>\n* riesige bodenebene Erlebnisdusche<br \/>\n* 5 m2 gro\u00dfe Sauna mit Sound &amp; LED &#8211; Farbspiel<br \/>\n* HWR mit Waschmaschine und W\u00e4schest\u00e4nder<br \/>\n* diverse DVD-Filme, B\u00fccher, Gesellschaftsspiele, Stifte, etc<\/p>\n<h6 style=\"text-align: center;\"><strong>Sie werden es sehen, im Ferienhaus RELAX finden sie alles was das Urlaubsherz begehrt.<\/strong><\/h6>\n<p><!-- default-view.php -->\n<div\n\tclass=\"ngg-galleryoverview default-view\n\t ngg-ajax-pagination-none\t\"\n\tid=\"ngg-gallery-90d334f15f09b1601d4e4166666bda59-1\">\n\n\t\t<!-- Thumbnails -->\n\t\t\t\t<div id=\"ngg-image-0\" class=\"ngg-gallery-thumbnail-box\n\t\t\t\t\t\t\t\t\t\t\t\"\n\t\t\t>\n\t\t\t\t\t\t<div class=\"ngg-gallery-thumbnail\">\n\t\t\t<a href=\"https:\/\/relax-ferienhaus.com\/wp-content\/gallery\/unterkunft\/unterkunft-ferienhaus-relax-gross-koschen-ferienwohnung-nr-1.jpg\"\n\t\t\t\ttitle=\"Unsere Unterkunft - Relax Ferienh\u00e4user - Lausitzer Seenland - Gro\u00df Koschen\"\n\t\t\t\tdata-src=\"https:\/\/relax-ferienhaus.com\/wp-content\/gallery\/unterkunft\/unterkunft-ferienhaus-relax-gross-koschen-ferienwohnung-nr-1.jpg\"\n\t\t\t\tdata-thumbnail=\"https:\/\/relax-ferienhaus.com\/wp-content\/gallery\/unterkunft\/thumbs\/thumbs_unterkunft-ferienhaus-relax-gross-koschen-ferienwohnung-nr-1.jpg\"\n\t\t\t\tdata-image-id=\"76\"\n\t\t\t\tdata-title=\"Unsere Unterkunft - Relax Ferienh\u00e4user - Lausitzer Seenland - Gro\u00df Koschen\"\n\t\t\t\tdata-description=\"Unsere Unterkunft - Relax Ferienh\u00e4user - Lausitzer Seenland - Gro\u00df Koschen\"\n\t\t\t\tdata-image-slug=\"unsere-unterkunft-relax-ferienhaeuser-lausitzer-seenland-gross-koschen\"\n\t\t\t\tclass=\"ngg-fancybox\" rel=\"90d334f15f09b1601d4e4166666bda59\">\n\t\t\t\t<img\n\t\t\t\t\ttitle=\"Unsere Unterkunft - Relax Ferienh\u00e4user - Lausitzer Seenland - Gro\u00df Koschen\"\n\t\t\t\t\talt=\"Unsere Unterkunft - Relax Ferienh\u00e4user - Lausitzer Seenland - Gro\u00df Koschen\"\n\t\t\t\t\tsrc=\"https:\/\/relax-ferienhaus.com\/wp-content\/gallery\/unterkunft\/thumbs\/thumbs_unterkunft-ferienhaus-relax-gross-koschen-ferienwohnung-nr-1.jpg\"\n\t\t\t\t\twidth=\"120\"\n\t\t\t\t\theight=\"90\"\n\t\t\t\t\tstyle=\"max-width:100%;\"\n\t\t\t\t\/>\n\t\t\t<\/a>\n\t\t<\/div>\n\t\t\t\t\t\t\t<\/div>\n\t\t\t\n\t\t\t\t<div id=\"ngg-image-1\" class=\"ngg-gallery-thumbnail-box\n\t\t\t\t\t\t\t\t\t\t\t\"\n\t\t\t>\n\t\t\t\t\t\t<div class=\"ngg-gallery-thumbnail\">\n\t\t\t<a href=\"https:\/\/relax-ferienhaus.com\/wp-content\/gallery\/unterkunft\/unterkunft-ferienhaus-relax-gross-koschen-ferienwohnung-nr-2.jpg\"\n\t\t\t\ttitle=\" Unsere Unterkunft - Relax Ferienh\u00e4user - Lausitzer Seenland - Gro\u00df Koschen\"\n\t\t\t\tdata-src=\"https:\/\/relax-ferienhaus.com\/wp-content\/gallery\/unterkunft\/unterkunft-ferienhaus-relax-gross-koschen-ferienwohnung-nr-2.jpg\"\n\t\t\t\tdata-thumbnail=\"https:\/\/relax-ferienhaus.com\/wp-content\/gallery\/unterkunft\/thumbs\/thumbs_unterkunft-ferienhaus-relax-gross-koschen-ferienwohnung-nr-2.jpg\"\n\t\t\t\tdata-image-id=\"77\"\n\t\t\t\tdata-title=\"Unsere Unterkunft - Relax Ferienh\u00e4user - Lausitzer Seenland - Gro\u00df Koschen\"\n\t\t\t\tdata-description=\" Unsere Unterkunft - Relax Ferienh\u00e4user - Lausitzer Seenland - Gro\u00df Koschen\"\n\t\t\t\tdata-image-slug=\"unsere-unterkunft-relax-ferienhaeuser-lausitzer-seenland-gross-koschen-2\"\n\t\t\t\tclass=\"ngg-fancybox\" rel=\"90d334f15f09b1601d4e4166666bda59\">\n\t\t\t\t<img\n\t\t\t\t\ttitle=\"Unsere Unterkunft - Relax Ferienh\u00e4user - Lausitzer Seenland - Gro\u00df Koschen\"\n\t\t\t\t\talt=\"Unsere Unterkunft - Relax Ferienh\u00e4user - Lausitzer Seenland - Gro\u00df Koschen\"\n\t\t\t\t\tsrc=\"https:\/\/relax-ferienhaus.com\/wp-content\/gallery\/unterkunft\/thumbs\/thumbs_unterkunft-ferienhaus-relax-gross-koschen-ferienwohnung-nr-2.jpg\"\n\t\t\t\t\twidth=\"120\"\n\t\t\t\t\theight=\"90\"\n\t\t\t\t\tstyle=\"max-width:100%;\"\n\t\t\t\t\/>\n\t\t\t<\/a>\n\t\t<\/div>\n\t\t\t\t\t\t\t<\/div>\n\t\t\t\n\t\t\t\t<div id=\"ngg-image-2\" class=\"ngg-gallery-thumbnail-box\n\t\t\t\t\t\t\t\t\t\t\t\"\n\t\t\t>\n\t\t\t\t\t\t<div class=\"ngg-gallery-thumbnail\">\n\t\t\t<a href=\"https:\/\/relax-ferienhaus.com\/wp-content\/gallery\/unterkunft\/unterkunft-ferienhaus-relax-gross-koschen-ferienwohnung-nr-3.jpg\"\n\t\t\t\ttitle=\" Unsere Unterkunft - Relax Ferienh\u00e4user - Lausitzer Seenland - Gro\u00df Koschen\"\n\t\t\t\tdata-src=\"https:\/\/relax-ferienhaus.com\/wp-content\/gallery\/unterkunft\/unterkunft-ferienhaus-relax-gross-koschen-ferienwohnung-nr-3.jpg\"\n\t\t\t\tdata-thumbnail=\"https:\/\/relax-ferienhaus.com\/wp-content\/gallery\/unterkunft\/thumbs\/thumbs_unterkunft-ferienhaus-relax-gross-koschen-ferienwohnung-nr-3.jpg\"\n\t\t\t\tdata-image-id=\"78\"\n\t\t\t\tdata-title=\"Unsere Unterkunft - Relax Ferienh\u00e4user - Lausitzer Seenland - Gro\u00df Koschen\"\n\t\t\t\tdata-description=\" Unsere Unterkunft - Relax Ferienh\u00e4user - Lausitzer Seenland - Gro\u00df Koschen\"\n\t\t\t\tdata-image-slug=\"unsere-unterkunft-relax-ferienhaeuser-lausitzer-seenland-gross-koschen-3\"\n\t\t\t\tclass=\"ngg-fancybox\" rel=\"90d334f15f09b1601d4e4166666bda59\">\n\t\t\t\t<img\n\t\t\t\t\ttitle=\"Unsere Unterkunft - Relax Ferienh\u00e4user - Lausitzer Seenland - Gro\u00df Koschen\"\n\t\t\t\t\talt=\"Unsere Unterkunft - Relax Ferienh\u00e4user - Lausitzer Seenland - Gro\u00df Koschen\"\n\t\t\t\t\tsrc=\"https:\/\/relax-ferienhaus.com\/wp-content\/gallery\/unterkunft\/thumbs\/thumbs_unterkunft-ferienhaus-relax-gross-koschen-ferienwohnung-nr-3.jpg\"\n\t\t\t\t\twidth=\"120\"\n\t\t\t\t\theight=\"90\"\n\t\t\t\t\tstyle=\"max-width:100%;\"\n\t\t\t\t\/>\n\t\t\t<\/a>\n\t\t<\/div>\n\t\t\t\t\t\t\t<\/div>\n\t\t\t\n\t\t\t\t<div id=\"ngg-image-3\" class=\"ngg-gallery-thumbnail-box\n\t\t\t\t\t\t\t\t\t\t\t\"\n\t\t\t>\n\t\t\t\t\t\t<div class=\"ngg-gallery-thumbnail\">\n\t\t\t<a href=\"https:\/\/relax-ferienhaus.com\/wp-content\/gallery\/unterkunft\/unterkunft-ferienhaus-relax-gross-koschen-ferienwohnung-nr-4.jpg\"\n\t\t\t\ttitle=\" Unsere Unterkunft - Relax Ferienh\u00e4user - Lausitzer Seenland - Gro\u00df Koschen\"\n\t\t\t\tdata-src=\"https:\/\/relax-ferienhaus.com\/wp-content\/gallery\/unterkunft\/unterkunft-ferienhaus-relax-gross-koschen-ferienwohnung-nr-4.jpg\"\n\t\t\t\tdata-thumbnail=\"https:\/\/relax-ferienhaus.com\/wp-content\/gallery\/unterkunft\/thumbs\/thumbs_unterkunft-ferienhaus-relax-gross-koschen-ferienwohnung-nr-4.jpg\"\n\t\t\t\tdata-image-id=\"79\"\n\t\t\t\tdata-title=\"Unsere Unterkunft - Relax Ferienh\u00e4user - Lausitzer Seenland - Gro\u00df Koschen\"\n\t\t\t\tdata-description=\" Unsere Unterkunft - Relax Ferienh\u00e4user - Lausitzer Seenland - Gro\u00df Koschen\"\n\t\t\t\tdata-image-slug=\"unsere-unterkunft-relax-ferienhaeuser-lausitzer-seenland-gross-koschen-4\"\n\t\t\t\tclass=\"ngg-fancybox\" rel=\"90d334f15f09b1601d4e4166666bda59\">\n\t\t\t\t<img\n\t\t\t\t\ttitle=\"Unsere Unterkunft - Relax Ferienh\u00e4user - Lausitzer Seenland - Gro\u00df Koschen\"\n\t\t\t\t\talt=\"Unsere Unterkunft - Relax Ferienh\u00e4user - Lausitzer Seenland - Gro\u00df Koschen\"\n\t\t\t\t\tsrc=\"https:\/\/relax-ferienhaus.com\/wp-content\/gallery\/unterkunft\/thumbs\/thumbs_unterkunft-ferienhaus-relax-gross-koschen-ferienwohnung-nr-4.jpg\"\n\t\t\t\t\twidth=\"120\"\n\t\t\t\t\theight=\"90\"\n\t\t\t\t\tstyle=\"max-width:100%;\"\n\t\t\t\t\/>\n\t\t\t<\/a>\n\t\t<\/div>\n\t\t\t\t\t\t\t<\/div>\n\t\t\t\n\t\n\t<br style=\"clear: both\" \/>\n\n\t\t<div class=\"slideshowlink\">\n\t\t<a href='https:\/\/relax-ferienhaus.com\/herzlich-willkommen\/unsere-ferienhaeuser\/nggallery\/slideshow'> <\/a>\n\n\t<\/div>\n\t\n\t\t<!-- Pagination -->\n\t\t<div class='ngg-clear'><\/div>\t<\/div>\n<\/p>\n","protected":false},"excerpt":{"rendered":"<p>Unser Ferienhaus RELAX in Senftenberg &#8211; Gro\u00dfkoschen &#8211; am Senftenberger See &#8211; im Lausitzer Seenland Unsere massiv gebauten Unterk\u00fcnfte, im Stile eines Einfamilienhauses, sind im Jahr 2013 neu erbaut worden und sind hochmodern, exklusiv und stilvoll f\u00fcr sie ausgestattet. Die Ferienh\u00e4user mit ca 105 m2 Wohnfl\u00e4che \u00fcber 2 Etagen, bieten Platz f\u00fcr bis zu 6 &hellip; <a href=\"https:\/\/relax-ferienhaus.com\/herzlich-willkommen\/unsere-ferienhaeuser\/\" class=\"more-link\"><span class=\"screen-reader-text\">Unser Ferienhaus<\/span> weiterlesen <span class=\"meta-nav\">&rarr;<\/span><\/a><\/p>\n","protected":false},"author":1,"featured_media":0,"parent":0,"menu_order":0,"comment_status":"closed","ping_status":"open","template":"","meta":{"ngg_post_thumbnail":0,"footnotes":""},"class_list":["post-142","page","type-page","status-publish","hentry"],"_links":{"self":[{"href":"https:\/\/relax-ferienhaus.com\/herzlich-willkommen\/wp-json\/wp\/v2\/pages\/142","targetHints":{"allow":["GET"]}}],"collection":[{"href":"https:\/\/relax-ferienhaus.com\/herzlich-willkommen\/wp-json\/wp\/v2\/pages"}],"about":[{"href":"https:\/\/relax-ferienhaus.com\/herzlich-willkommen\/wp-json\/wp\/v2\/types\/page"}],"author":[{"embeddable":true,"href":"https:\/\/relax-ferienhaus.com\/herzlich-willkommen\/wp-json\/wp\/v2\/users\/1"}],"replies":[{"embeddable":true,"href":"https:\/\/relax-ferienhaus.com\/herzlich-willkommen\/wp-json\/wp\/v2\/comments?post=142"}],"version-history":[{"count":15,"href":"https:\/\/relax-ferienhaus.com\/herzlich-willkommen\/wp-json\/wp\/v2\/pages\/142\/revisions"}],"predecessor-version":[{"id":598,"href":"https:\/\/relax-ferienhaus.com\/herzlich-willkommen\/wp-json\/wp\/v2\/pages\/142\/revisions\/598"}],"wp:attachment":[{"href":"https:\/\/relax-ferienhaus.com\/herzlich-willkommen\/wp-json\/wp\/v2\/media?parent=142"}],"curies":[{"name":"wp","href":"https:\/\/api.w.org\/{rel}","templated":true}]}}