{"id":145,"date":"2014-02-21T19:59:29","date_gmt":"2014-02-21T17:59:29","guid":{"rendered":"http:\/\/relax-ferienhaus.com\/?page_id=145"},"modified":"2018-10-09T10:17:11","modified_gmt":"2018-10-09T08:17:11","slug":"wohnbereich","status":"publish","type":"page","link":"https:\/\/relax-ferienhaus.com\/herzlich-willkommen\/unsere-ferienhaeuser\/wohnbereich\/","title":{"rendered":"Wohnbereich"},"content":{"rendered":"<p>Der offene Wohn-und Essbereich im <strong>Ferienhaus<\/strong> <em><strong><span style=\"color: #ff0000;\">RELAX<\/span><\/strong><\/em> am <strong>Senftenberger See in Gro\u00dfkoschen im Lausitzer Seenland<\/strong> besticht durch seine moderne und doch warme Linie.<\/p>\n<p>Alle W\u00e4nde wurden mit sehr exklusiven Tapeten versehen, der Fliesenboden (nat\u00fcrlich mit Fu\u00dfbodenheizung) wurde farblich passend gew\u00e4hlt, aber auch die Lampen bestechen durch ihr modernes Design. Das ganze runden unsere auserlesenen M\u00f6bel ab.<\/p>\n<p>Die gro\u00dfe Sofalandschaft ist ausklappbar und l\u00e4dt f\u00f6rmlich ein, sich es gem\u00fctlich zu machen. Von da aus hat man dann einen super Blick auf die Wohnwand die mit viel Entertainment ausger\u00fcstet ist. Von LED-Beleuchtung, Bluetooth-Sound \u00fcber Blueray-Player bis hin zum 46 Zoll-3D-Fernsehen ist alles vorhanden. Oder man l\u00e4sst sich einfach nur vom knisternden Kaminfeuer verf\u00fchren und genie\u00dft die Zeit mit seinem Partner und seinen Liebsten in unserem Ferienhaus.<\/p>\n<p>Im anderen Teil des Raumes befindet sich unsere sehr hochwertige Einbauk\u00fcche, die nicht nur super aussieht, denn sie ist auch komplett ausgestattet und l\u00e4sst keine W\u00fcnsche offen. Der gro\u00dfe Esstisch davor, bietet mit der Ledereckbank und den 3 St\u00fchlen ausreichen Platz f\u00fcr alle Urlauber.<\/p>\n<p><!-- default-view.php -->\n<div\n\tclass=\"ngg-galleryoverview default-view\n\t ngg-ajax-pagination-none\t\"\n\tid=\"ngg-gallery-a47603c57474b06ab192d645e7175c99-1\">\n\n\t\t<!-- Thumbnails -->\n\t\t\t\t<div id=\"ngg-image-0\" class=\"ngg-gallery-thumbnail-box\n\t\t\t\t\t\t\t\t\t\t\t\"\n\t\t\t>\n\t\t\t\t\t\t<div class=\"ngg-gallery-thumbnail\">\n\t\t\t<a href=\"https:\/\/relax-ferienhaus.com\/wp-content\/gallery\/wohnbereich\/wohnbereich-relax-senftenberger-see-gross-koschen-nr-1.jpg\"\n\t\t\t\ttitle=\"46 Zoll 3D - Fernsehen, Blueray - Player - Ferienhaus - Senftenberger See\"\n\t\t\t\tdata-src=\"https:\/\/relax-ferienhaus.com\/wp-content\/gallery\/wohnbereich\/wohnbereich-relax-senftenberger-see-gross-koschen-nr-1.jpg\"\n\t\t\t\tdata-thumbnail=\"https:\/\/relax-ferienhaus.com\/wp-content\/gallery\/wohnbereich\/thumbs\/thumbs_wohnbereich-relax-senftenberger-see-gross-koschen-nr-1.jpg\"\n\t\t\t\tdata-image-id=\"80\"\n\t\t\t\tdata-title=\"46 Zoll 3D - Fernsehen, Blueray - Player - Ferienhaus - Senftenberger See\"\n\t\t\t\tdata-description=\"46 Zoll 3D - Fernsehen, Blueray - Player - Ferienhaus - Senftenberger See\"\n\t\t\t\tdata-image-slug=\"46-zoll-3d-fernsehen-blueray-player-ferienhaus-senftenberger-see\"\n\t\t\t\tclass=\"ngg-fancybox\" rel=\"a47603c57474b06ab192d645e7175c99\">\n\t\t\t\t<img\n\t\t\t\t\ttitle=\"46 Zoll 3D - Fernsehen, Blueray - Player - Ferienhaus - Senftenberger See\"\n\t\t\t\t\talt=\"46 Zoll 3D - Fernsehen, Blueray - Player - Ferienhaus - Senftenberger See\"\n\t\t\t\t\tsrc=\"https:\/\/relax-ferienhaus.com\/wp-content\/gallery\/wohnbereich\/thumbs\/thumbs_wohnbereich-relax-senftenberger-see-gross-koschen-nr-1.jpg\"\n\t\t\t\t\twidth=\"120\"\n\t\t\t\t\theight=\"90\"\n\t\t\t\t\tstyle=\"max-width:100%;\"\n\t\t\t\t\/>\n\t\t\t<\/a>\n\t\t<\/div>\n\t\t\t\t\t\t\t<\/div>\n\t\t\t\n\t\t\t\t<div id=\"ngg-image-1\" class=\"ngg-gallery-thumbnail-box\n\t\t\t\t\t\t\t\t\t\t\t\"\n\t\t\t>\n\t\t\t\t\t\t<div class=\"ngg-gallery-thumbnail\">\n\t\t\t<a href=\"https:\/\/relax-ferienhaus.com\/wp-content\/gallery\/wohnbereich\/wohnbereich-relax-senftenberger-see-gross-koschen-nr-2.jpg\"\n\t\t\t\ttitle=\" Wandgestaltung - Ferienhaus - Senftenberger See\"\n\t\t\t\tdata-src=\"https:\/\/relax-ferienhaus.com\/wp-content\/gallery\/wohnbereich\/wohnbereich-relax-senftenberger-see-gross-koschen-nr-2.jpg\"\n\t\t\t\tdata-thumbnail=\"https:\/\/relax-ferienhaus.com\/wp-content\/gallery\/wohnbereich\/thumbs\/thumbs_wohnbereich-relax-senftenberger-see-gross-koschen-nr-2.jpg\"\n\t\t\t\tdata-image-id=\"81\"\n\t\t\t\tdata-title=\" Wandgestaltung - Ferienhaus - Senftenberger See\"\n\t\t\t\tdata-description=\" Wandgestaltung - Ferienhaus - Senftenberger See\"\n\t\t\t\tdata-image-slug=\"wandgestaltung-ferienhaus-senftenberger-see\"\n\t\t\t\tclass=\"ngg-fancybox\" rel=\"a47603c57474b06ab192d645e7175c99\">\n\t\t\t\t<img\n\t\t\t\t\ttitle=\" Wandgestaltung - Ferienhaus - Senftenberger See\"\n\t\t\t\t\talt=\" Wandgestaltung - Ferienhaus - Senftenberger See\"\n\t\t\t\t\tsrc=\"https:\/\/relax-ferienhaus.com\/wp-content\/gallery\/wohnbereich\/thumbs\/thumbs_wohnbereich-relax-senftenberger-see-gross-koschen-nr-2.jpg\"\n\t\t\t\t\twidth=\"120\"\n\t\t\t\t\theight=\"90\"\n\t\t\t\t\tstyle=\"max-width:100%;\"\n\t\t\t\t\/>\n\t\t\t<\/a>\n\t\t<\/div>\n\t\t\t\t\t\t\t<\/div>\n\t\t\t\n\t\t\t\t<div id=\"ngg-image-2\" class=\"ngg-gallery-thumbnail-box\n\t\t\t\t\t\t\t\t\t\t\t\"\n\t\t\t>\n\t\t\t\t\t\t<div class=\"ngg-gallery-thumbnail\">\n\t\t\t<a href=\"https:\/\/relax-ferienhaus.com\/wp-content\/gallery\/wohnbereich\/wohnbereich-relax-senftenberger-see-gross-koschen-nr-3.jpg\"\n\t\t\t\ttitle=\" Kamin in Sandsteinoptik - Ferienhaus - Senftenberger See\"\n\t\t\t\tdata-src=\"https:\/\/relax-ferienhaus.com\/wp-content\/gallery\/wohnbereich\/wohnbereich-relax-senftenberger-see-gross-koschen-nr-3.jpg\"\n\t\t\t\tdata-thumbnail=\"https:\/\/relax-ferienhaus.com\/wp-content\/gallery\/wohnbereich\/thumbs\/thumbs_wohnbereich-relax-senftenberger-see-gross-koschen-nr-3.jpg\"\n\t\t\t\tdata-image-id=\"82\"\n\t\t\t\tdata-title=\" Kamin in Sandsteinoptik - Ferienhaus - Senftenberger See\"\n\t\t\t\tdata-description=\" Kamin in Sandsteinoptik - Ferienhaus - Senftenberger See\"\n\t\t\t\tdata-image-slug=\"kamin-in-sandsteinoptik-ferienhaus-senftenberger-see\"\n\t\t\t\tclass=\"ngg-fancybox\" rel=\"a47603c57474b06ab192d645e7175c99\">\n\t\t\t\t<img\n\t\t\t\t\ttitle=\" Kamin in Sandsteinoptik - Ferienhaus - Senftenberger See\"\n\t\t\t\t\talt=\" Kamin in Sandsteinoptik - Ferienhaus - Senftenberger See\"\n\t\t\t\t\tsrc=\"https:\/\/relax-ferienhaus.com\/wp-content\/gallery\/wohnbereich\/thumbs\/thumbs_wohnbereich-relax-senftenberger-see-gross-koschen-nr-3.jpg\"\n\t\t\t\t\twidth=\"120\"\n\t\t\t\t\theight=\"90\"\n\t\t\t\t\tstyle=\"max-width:100%;\"\n\t\t\t\t\/>\n\t\t\t<\/a>\n\t\t<\/div>\n\t\t\t\t\t\t\t<\/div>\n\t\t\t\n\t\t\t\t<div id=\"ngg-image-3\" class=\"ngg-gallery-thumbnail-box\n\t\t\t\t\t\t\t\t\t\t\t\"\n\t\t\t>\n\t\t\t\t\t\t<div class=\"ngg-gallery-thumbnail\">\n\t\t\t<a href=\"https:\/\/relax-ferienhaus.com\/wp-content\/gallery\/wohnbereich\/wohnbereich-relax-senftenberger-see-gross-koschen-nr-4.jpg\"\n\t\t\t\ttitle=\" K\u00fcchenbereich - gro\u00dfer Esstisch - Ferienhaus Gro\u00df Koschen\"\n\t\t\t\tdata-src=\"https:\/\/relax-ferienhaus.com\/wp-content\/gallery\/wohnbereich\/wohnbereich-relax-senftenberger-see-gross-koschen-nr-4.jpg\"\n\t\t\t\tdata-thumbnail=\"https:\/\/relax-ferienhaus.com\/wp-content\/gallery\/wohnbereich\/thumbs\/thumbs_wohnbereich-relax-senftenberger-see-gross-koschen-nr-4.jpg\"\n\t\t\t\tdata-image-id=\"83\"\n\t\t\t\tdata-title=\" K\u00fcchenbereich - gro\u00dfer Esstisch - Ferienhaus Gro\u00df Koschen\"\n\t\t\t\tdata-description=\" K\u00fcchenbereich - gro\u00dfer Esstisch - Ferienhaus Gro\u00df Koschen\"\n\t\t\t\tdata-image-slug=\"kuechenbereich-grosser-esstisch-ferienhaus-gross-koschen\"\n\t\t\t\tclass=\"ngg-fancybox\" rel=\"a47603c57474b06ab192d645e7175c99\">\n\t\t\t\t<img\n\t\t\t\t\ttitle=\" K\u00fcchenbereich - gro\u00dfer Esstisch - Ferienhaus Gro\u00df Koschen\"\n\t\t\t\t\talt=\" K\u00fcchenbereich - gro\u00dfer Esstisch - Ferienhaus Gro\u00df Koschen\"\n\t\t\t\t\tsrc=\"https:\/\/relax-ferienhaus.com\/wp-content\/gallery\/wohnbereich\/thumbs\/thumbs_wohnbereich-relax-senftenberger-see-gross-koschen-nr-4.jpg\"\n\t\t\t\t\twidth=\"120\"\n\t\t\t\t\theight=\"90\"\n\t\t\t\t\tstyle=\"max-width:100%;\"\n\t\t\t\t\/>\n\t\t\t<\/a>\n\t\t<\/div>\n\t\t\t\t\t\t\t<\/div>\n\t\t\t\n\t\n\t<br style=\"clear: both\" \/>\n\n\t\t<div class=\"slideshowlink\">\n\t\t<a href='https:\/\/relax-ferienhaus.com\/herzlich-willkommen\/unsere-ferienhaeuser\/wohnbereich\/nggallery\/slideshow'>   <\/a>\n\n\t<\/div>\n\t\n\t\t<!-- Pagination -->\n\t\t<div class='ngg-clear'><\/div>\t<\/div>\n<\/p>\n","protected":false},"excerpt":{"rendered":"<p>Der offene Wohn-und Essbereich im Ferienhaus RELAX am Senftenberger See in Gro\u00dfkoschen im Lausitzer Seenland besticht durch seine moderne und doch warme Linie. Alle W\u00e4nde wurden mit sehr exklusiven Tapeten versehen, der Fliesenboden (nat\u00fcrlich mit Fu\u00dfbodenheizung) wurde farblich passend gew\u00e4hlt, aber auch die Lampen bestechen durch ihr modernes Design. Das ganze runden unsere auserlesenen M\u00f6bel &hellip; <a href=\"https:\/\/relax-ferienhaus.com\/herzlich-willkommen\/unsere-ferienhaeuser\/wohnbereich\/\" class=\"more-link\"><span class=\"screen-reader-text\">Wohnbereich<\/span> weiterlesen <span class=\"meta-nav\">&rarr;<\/span><\/a><\/p>\n","protected":false},"author":1,"featured_media":237,"parent":142,"menu_order":0,"comment_status":"closed","ping_status":"open","template":"","meta":{"ngg_post_thumbnail":0,"footnotes":""},"class_list":["post-145","page","type-page","status-publish","has-post-thumbnail","hentry"],"_links":{"self":[{"href":"https:\/\/relax-ferienhaus.com\/herzlich-willkommen\/wp-json\/wp\/v2\/pages\/145","targetHints":{"allow":["GET"]}}],"collection":[{"href":"https:\/\/relax-ferienhaus.com\/herzlich-willkommen\/wp-json\/wp\/v2\/pages"}],"about":[{"href":"https:\/\/relax-ferienhaus.com\/herzlich-willkommen\/wp-json\/wp\/v2\/types\/page"}],"author":[{"embeddable":true,"href":"https:\/\/relax-ferienhaus.com\/herzlich-willkommen\/wp-json\/wp\/v2\/users\/1"}],"replies":[{"embeddable":true,"href":"https:\/\/relax-ferienhaus.com\/herzlich-willkommen\/wp-json\/wp\/v2\/comments?post=145"}],"version-history":[{"count":17,"href":"https:\/\/relax-ferienhaus.com\/herzlich-willkommen\/wp-json\/wp\/v2\/pages\/145\/revisions"}],"predecessor-version":[{"id":632,"href":"https:\/\/relax-ferienhaus.com\/herzlich-willkommen\/wp-json\/wp\/v2\/pages\/145\/revisions\/632"}],"up":[{"embeddable":true,"href":"https:\/\/relax-ferienhaus.com\/herzlich-willkommen\/wp-json\/wp\/v2\/pages\/142"}],"wp:featuredmedia":[{"embeddable":true,"href":"https:\/\/relax-ferienhaus.com\/herzlich-willkommen\/wp-json\/wp\/v2\/media\/237"}],"wp:attachment":[{"href":"https:\/\/relax-ferienhaus.com\/herzlich-willkommen\/wp-json\/wp\/v2\/media?parent=145"}],"curies":[{"name":"wp","href":"https:\/\/api.w.org\/{rel}","templated":true}]}}