{"id":150,"date":"2014-02-21T20:00:26","date_gmt":"2014-02-21T18:00:26","guid":{"rendered":"http:\/\/relax-ferienhaus.com\/?page_id=150"},"modified":"2014-03-01T14:49:30","modified_gmt":"2014-03-01T12:49:30","slug":"badezimmer","status":"publish","type":"page","link":"https:\/\/relax-ferienhaus.com\/herzlich-willkommen\/unsere-ferienhaeuser\/badezimmer\/","title":{"rendered":"Badezimmer"},"content":{"rendered":"<p>Jedes Ferienhaus hat zwei exklusive B\u00e4der, welche mit Fu\u00dfbodenheizung, Handtuchtrockner, WC und Doppelwaschtisch ausgestattet sind.<\/p>\n<p>Das Bad im Untergeschoss hat zus\u00e4tzlich eine riesige-bodenebene Dusche mit extra Kopfbrause an der Decke, das macht das Erfrischen nach dem Saunagang zum wahren Erlebnis.<\/p>\n<p>Dann kommen wir mal zum I-T\u00fcpfelchen in unserem Bad, denn hier befindet sich eine \u00fcber 5 m2 gro\u00dfe Sauna mit Sound und LED-Farbspiel. Genie\u00dfen sie einfach diese private und ungest\u00f6rte Atmosph\u00e4re und tauchen sie ein, in einem Hauch von Romantik und Erholung.<\/p>\n<p><strong>Frei nach dem Motto:<\/strong><\/p>\n<blockquote><p>Zufrieden ist man schnell, sie aber sollten gl\u00fccklich sein<\/p>\n<p>&nbsp;<\/p><\/blockquote>\n<p><!-- default-view.php -->\n<div\n\tclass=\"ngg-galleryoverview default-view\n\t ngg-ajax-pagination-none\t\"\n\tid=\"ngg-gallery-d0949d8c57cce639c52fc9b8d1c298aa-1\">\n\n\t\t<!-- Thumbnails -->\n\t\t\t\t<div id=\"ngg-image-0\" class=\"ngg-gallery-thumbnail-box\n\t\t\t\t\t\t\t\t\t\t\t\"\n\t\t\t>\n\t\t\t\t\t\t<div class=\"ngg-gallery-thumbnail\">\n\t\t\t<a href=\"https:\/\/relax-ferienhaus.com\/wp-content\/gallery\/bad\/bad-gross-koschen-ferienhaus-relax-nr-1.jpg\"\n\t\t\t\ttitle=\"Doppelwaschtisch - Ferienhaus Relax - Senftenberger See - Gro\u00dfkoschen - Senftenberg - Lausitzer Seenland\"\n\t\t\t\tdata-src=\"https:\/\/relax-ferienhaus.com\/wp-content\/gallery\/bad\/bad-gross-koschen-ferienhaus-relax-nr-1.jpg\"\n\t\t\t\tdata-thumbnail=\"https:\/\/relax-ferienhaus.com\/wp-content\/gallery\/bad\/thumbs\/thumbs_bad-gross-koschen-ferienhaus-relax-nr-1.jpg\"\n\t\t\t\tdata-image-id=\"88\"\n\t\t\t\tdata-title=\"Doppelwaschtisch - Ferienhaus Relax - Senftenberger See - Gro\u00dfkoschen - Senftenberg - Lausitzer Seenland\"\n\t\t\t\tdata-description=\"Doppelwaschtisch - Ferienhaus Relax - Senftenberger See - Gro\u00dfkoschen - Senftenberg - Lausitzer Seenland\"\n\t\t\t\tdata-image-slug=\"doppelwaschtisch-ferienhaus-relax-gross-koschen-sauna-ferienhaus-relax-gross-koschen\"\n\t\t\t\tclass=\"ngg-fancybox\" rel=\"d0949d8c57cce639c52fc9b8d1c298aa\">\n\t\t\t\t<img\n\t\t\t\t\ttitle=\"Doppelwaschtisch - Ferienhaus Relax - Senftenberger See - Gro\u00dfkoschen - Senftenberg - Lausitzer Seenland\"\n\t\t\t\t\talt=\"Doppelwaschtisch - Ferienhaus Relax - Senftenberger See - Gro\u00dfkoschen - Senftenberg - Lausitzer Seenland\"\n\t\t\t\t\tsrc=\"https:\/\/relax-ferienhaus.com\/wp-content\/gallery\/bad\/thumbs\/thumbs_bad-gross-koschen-ferienhaus-relax-nr-1.jpg\"\n\t\t\t\t\twidth=\"120\"\n\t\t\t\t\theight=\"90\"\n\t\t\t\t\tstyle=\"max-width:100%;\"\n\t\t\t\t\/>\n\t\t\t<\/a>\n\t\t<\/div>\n\t\t\t\t\t\t\t<\/div>\n\t\t\t\n\t\t\t\t<div id=\"ngg-image-1\" class=\"ngg-gallery-thumbnail-box\n\t\t\t\t\t\t\t\t\t\t\t\"\n\t\t\t>\n\t\t\t\t\t\t<div class=\"ngg-gallery-thumbnail\">\n\t\t\t<a href=\"https:\/\/relax-ferienhaus.com\/wp-content\/gallery\/bad\/bad-gross-koschen-ferienhaus-relax-nr-2.jpg\"\n\t\t\t\ttitle=\"Sauna - Ferienhaus Relax - Senftenberger See - Gro\u00dfkoschen - Senftenberg - Lausitzer Seenland\"\n\t\t\t\tdata-src=\"https:\/\/relax-ferienhaus.com\/wp-content\/gallery\/bad\/bad-gross-koschen-ferienhaus-relax-nr-2.jpg\"\n\t\t\t\tdata-thumbnail=\"https:\/\/relax-ferienhaus.com\/wp-content\/gallery\/bad\/thumbs\/thumbs_bad-gross-koschen-ferienhaus-relax-nr-2.jpg\"\n\t\t\t\tdata-image-id=\"89\"\n\t\t\t\tdata-title=\"Sauna - Ferienhaus Relax - Senftenberger See - Gro\u00dfkoschen - Senftenberg - Lausitzer Seenland\"\n\t\t\t\tdata-description=\"Sauna - Ferienhaus Relax - Senftenberger See - Gro\u00dfkoschen - Senftenberg - Lausitzer Seenland\"\n\t\t\t\tdata-image-slug=\"sauna-ferienhaus-relax-gross-koschen-doppelwaschtisch-ferienhaus-relax-gross-koschen\"\n\t\t\t\tclass=\"ngg-fancybox\" rel=\"d0949d8c57cce639c52fc9b8d1c298aa\">\n\t\t\t\t<img\n\t\t\t\t\ttitle=\"Sauna - Ferienhaus Relax - Senftenberger See - Gro\u00dfkoschen - Senftenberg - Lausitzer Seenland\"\n\t\t\t\t\talt=\"Sauna - Ferienhaus Relax - Senftenberger See - Gro\u00dfkoschen - Senftenberg - Lausitzer Seenland\"\n\t\t\t\t\tsrc=\"https:\/\/relax-ferienhaus.com\/wp-content\/gallery\/bad\/thumbs\/thumbs_bad-gross-koschen-ferienhaus-relax-nr-2.jpg\"\n\t\t\t\t\twidth=\"120\"\n\t\t\t\t\theight=\"90\"\n\t\t\t\t\tstyle=\"max-width:100%;\"\n\t\t\t\t\/>\n\t\t\t<\/a>\n\t\t<\/div>\n\t\t\t\t\t\t\t<\/div>\n\t\t\t\n\t\t\t\t<div id=\"ngg-image-2\" class=\"ngg-gallery-thumbnail-box\n\t\t\t\t\t\t\t\t\t\t\t\"\n\t\t\t>\n\t\t\t\t\t\t<div class=\"ngg-gallery-thumbnail\">\n\t\t\t<a href=\"https:\/\/relax-ferienhaus.com\/wp-content\/gallery\/bad\/bad-gross-koschen-ferienhaus-relax-nr-3.jpg\"\n\t\t\t\ttitle=\"Doppelwaschtisch - Ferienhaus Relax - Senftenberger See - Gro\u00dfkoschen - Senftenberg - Lausitzer Seenland\"\n\t\t\t\tdata-src=\"https:\/\/relax-ferienhaus.com\/wp-content\/gallery\/bad\/bad-gross-koschen-ferienhaus-relax-nr-3.jpg\"\n\t\t\t\tdata-thumbnail=\"https:\/\/relax-ferienhaus.com\/wp-content\/gallery\/bad\/thumbs\/thumbs_bad-gross-koschen-ferienhaus-relax-nr-3.jpg\"\n\t\t\t\tdata-image-id=\"90\"\n\t\t\t\tdata-title=\"Doppelwaschtisch - Ferienhaus Relax - Senftenberger See - Gro\u00dfkoschen - Senftenberg - Lausitzer Seenland\"\n\t\t\t\tdata-description=\"Doppelwaschtisch - Ferienhaus Relax - Senftenberger See - Gro\u00dfkoschen - Senftenberg - Lausitzer Seenland\"\n\t\t\t\tdata-image-slug=\"doppelwaschtisch-ferienhaus-relax-gross-koschen\"\n\t\t\t\tclass=\"ngg-fancybox\" rel=\"d0949d8c57cce639c52fc9b8d1c298aa\">\n\t\t\t\t<img\n\t\t\t\t\ttitle=\"Doppelwaschtisch - Ferienhaus Relax - Senftenberger See - Gro\u00dfkoschen - Senftenberg - Lausitzer Seenland\"\n\t\t\t\t\talt=\"Doppelwaschtisch - Ferienhaus Relax - Senftenberger See - Gro\u00dfkoschen - Senftenberg - Lausitzer Seenland\"\n\t\t\t\t\tsrc=\"https:\/\/relax-ferienhaus.com\/wp-content\/gallery\/bad\/thumbs\/thumbs_bad-gross-koschen-ferienhaus-relax-nr-3.jpg\"\n\t\t\t\t\twidth=\"120\"\n\t\t\t\t\theight=\"90\"\n\t\t\t\t\tstyle=\"max-width:100%;\"\n\t\t\t\t\/>\n\t\t\t<\/a>\n\t\t<\/div>\n\t\t\t\t\t\t\t<\/div>\n\t\t\t\n\t\t\t\t<div id=\"ngg-image-3\" class=\"ngg-gallery-thumbnail-box\n\t\t\t\t\t\t\t\t\t\t\t\"\n\t\t\t>\n\t\t\t\t\t\t<div class=\"ngg-gallery-thumbnail\">\n\t\t\t<a href=\"https:\/\/relax-ferienhaus.com\/wp-content\/gallery\/bad\/bad-gross-koschen-ferienhaus-relax-nr-4.jpg\"\n\t\t\t\ttitle=\"Bad    - Ferienhaus Relax - Senftenberger See - Gro\u00dfkoschen - Senftenberg - Lausitzer Seenland\"\n\t\t\t\tdata-src=\"https:\/\/relax-ferienhaus.com\/wp-content\/gallery\/bad\/bad-gross-koschen-ferienhaus-relax-nr-4.jpg\"\n\t\t\t\tdata-thumbnail=\"https:\/\/relax-ferienhaus.com\/wp-content\/gallery\/bad\/thumbs\/thumbs_bad-gross-koschen-ferienhaus-relax-nr-4.jpg\"\n\t\t\t\tdata-image-id=\"91\"\n\t\t\t\tdata-title=\"Bad    - Ferienhaus Relax - Senftenberger See - Gro\u00dfkoschen - Senftenberg - Lausitzer Seenland\"\n\t\t\t\tdata-description=\"Bad    - Ferienhaus Relax - Senftenberger See - Gro\u00dfkoschen - Senftenberg - Lausitzer Seenland\"\n\t\t\t\tdata-image-slug=\"bad-ferienhaus-relax-gross-koschen\"\n\t\t\t\tclass=\"ngg-fancybox\" rel=\"d0949d8c57cce639c52fc9b8d1c298aa\">\n\t\t\t\t<img\n\t\t\t\t\ttitle=\"Bad    - Ferienhaus Relax - Senftenberger See - Gro\u00dfkoschen - Senftenberg - Lausitzer Seenland\"\n\t\t\t\t\talt=\"Bad    - Ferienhaus Relax - Senftenberger See - Gro\u00dfkoschen - Senftenberg - Lausitzer Seenland\"\n\t\t\t\t\tsrc=\"https:\/\/relax-ferienhaus.com\/wp-content\/gallery\/bad\/thumbs\/thumbs_bad-gross-koschen-ferienhaus-relax-nr-4.jpg\"\n\t\t\t\t\twidth=\"120\"\n\t\t\t\t\theight=\"90\"\n\t\t\t\t\tstyle=\"max-width:100%;\"\n\t\t\t\t\/>\n\t\t\t<\/a>\n\t\t<\/div>\n\t\t\t\t\t\t\t<\/div>\n\t\t\t\n\t\n\t<br style=\"clear: both\" \/>\n\n\t\t<div class=\"slideshowlink\">\n\t\t<a href='https:\/\/relax-ferienhaus.com\/herzlich-willkommen\/unsere-ferienhaeuser\/badezimmer\/nggallery\/slideshow'> <\/a>\n\n\t<\/div>\n\t\n\t\t<!-- Pagination -->\n\t\t<div class='ngg-clear'><\/div>\t<\/div>\n<\/p>\n","protected":false},"excerpt":{"rendered":"<p>Jedes Ferienhaus hat zwei exklusive B\u00e4der, welche mit Fu\u00dfbodenheizung, Handtuchtrockner, WC und Doppelwaschtisch ausgestattet sind. Das Bad im Untergeschoss hat zus\u00e4tzlich eine riesige-bodenebene Dusche mit extra Kopfbrause an der Decke, das macht das Erfrischen nach dem Saunagang zum wahren Erlebnis. Dann kommen wir mal zum I-T\u00fcpfelchen in unserem Bad, denn hier befindet sich eine \u00fcber &hellip; <a href=\"https:\/\/relax-ferienhaus.com\/herzlich-willkommen\/unsere-ferienhaeuser\/badezimmer\/\" class=\"more-link\"><span class=\"screen-reader-text\">Badezimmer<\/span> weiterlesen <span class=\"meta-nav\">&rarr;<\/span><\/a><\/p>\n","protected":false},"author":1,"featured_media":433,"parent":142,"menu_order":0,"comment_status":"closed","ping_status":"open","template":"","meta":{"ngg_post_thumbnail":0,"footnotes":""},"class_list":["post-150","page","type-page","status-publish","has-post-thumbnail","hentry"],"_links":{"self":[{"href":"https:\/\/relax-ferienhaus.com\/herzlich-willkommen\/wp-json\/wp\/v2\/pages\/150","targetHints":{"allow":["GET"]}}],"collection":[{"href":"https:\/\/relax-ferienhaus.com\/herzlich-willkommen\/wp-json\/wp\/v2\/pages"}],"about":[{"href":"https:\/\/relax-ferienhaus.com\/herzlich-willkommen\/wp-json\/wp\/v2\/types\/page"}],"author":[{"embeddable":true,"href":"https:\/\/relax-ferienhaus.com\/herzlich-willkommen\/wp-json\/wp\/v2\/users\/1"}],"replies":[{"embeddable":true,"href":"https:\/\/relax-ferienhaus.com\/herzlich-willkommen\/wp-json\/wp\/v2\/comments?post=150"}],"version-history":[{"count":5,"href":"https:\/\/relax-ferienhaus.com\/herzlich-willkommen\/wp-json\/wp\/v2\/pages\/150\/revisions"}],"predecessor-version":[{"id":473,"href":"https:\/\/relax-ferienhaus.com\/herzlich-willkommen\/wp-json\/wp\/v2\/pages\/150\/revisions\/473"}],"up":[{"embeddable":true,"href":"https:\/\/relax-ferienhaus.com\/herzlich-willkommen\/wp-json\/wp\/v2\/pages\/142"}],"wp:featuredmedia":[{"embeddable":true,"href":"https:\/\/relax-ferienhaus.com\/herzlich-willkommen\/wp-json\/wp\/v2\/media\/433"}],"wp:attachment":[{"href":"https:\/\/relax-ferienhaus.com\/herzlich-willkommen\/wp-json\/wp\/v2\/media?parent=150"}],"curies":[{"name":"wp","href":"https:\/\/api.w.org\/{rel}","templated":true}]}}