{"id":2,"date":"2014-02-17T12:03:58","date_gmt":"2014-02-17T12:03:58","guid":{"rendered":"http:\/\/relax-ferienhaus.com\/?page_id=2"},"modified":"2015-09-25T12:49:30","modified_gmt":"2015-09-25T10:49:30","slug":"herzlich-willkommen","status":"publish","type":"page","link":"https:\/\/relax-ferienhaus.com\/herzlich-willkommen\/","title":{"rendered":"Herzlich Willkommen"},"content":{"rendered":"<p>Ihr Traum &#8211; Urlaub im Ferienhaus Relax in Senftenberg &#8211; Gro\u00dfkoschen, mitten im Lausitzer Seenland am Senftenberger See. Unterkunft FEWO mit Sauna und Kamin.<\/p>\n<blockquote>\n<p style=\"text-align: left;\"><strong>Bis zu 12 Personen k\u00f6nnen bei uns \u00fcbernachten.<\/strong><br \/>\n<strong> Bis zu 6 Peronen pro Ferienhaus.<\/strong><\/p>\n<p style=\"text-align: left;\">\n<p>Und der Name <strong><span style=\"color: #000000;\">***RELAX***<\/span><\/strong> ist Programm.<\/p>\n<p style=\"text-align: left;\">\n<\/blockquote>\n<p>Wir haben keine Kosten gescheut und unsere beiden Ferienh\u00e4user in Senftenberg, Ortsteil Gro\u00dfkoschen am Senftenberger See liebevoll und exklusiv f\u00fcr sie ausgestattet.<\/p>\n<p>Die Einrichtung der Ferienwohnung reicht von moderner Einbauk\u00fcche, Kamin, 3 separaten Schlafr\u00e4umen jeweils mit TV, Fu\u00dfbodenheizung auf beiden Etagen, zwei B\u00e4dern, bis hin zum gro\u00dfen Grundst\u00fcck mit gem\u00fctlicher Terrasse.<\/p>\n<p>Die Highlight\u2019s unseres Ferienobjektes sind aber die hauseigene Sauna mit der gro\u00dfen Erlebnisdusche und der exklusive Kaminofen in Natursteinoptik.<\/p>\n<blockquote><p>Wir laden sie herzlich ein, Ihren ganz individuellen <span style=\"color: #ff0000;\">HAPPYPLACE<\/span> hier im Lausitzer Seenland zu finden.<\/p><\/blockquote>\n<p><strong>Also egal ob sie ihre Ferien und Urlaub im Ferienhaus, Ferienwohnung zum Beispiel mit:<\/strong><\/p>\n<p>Fahrrad fahren, skaten, angeln, schwimmen, Boot fahren, segeln, surfen oder einfach nur mit entspannen und relaxen verbringen m\u00f6chten?<\/p>\n<p><strong>Im Ferienhaus<span style=\"color: #ff0000;\"> RELAX<\/span>, sind sie auf jeden Fall an der richtigen Adresse!<\/strong><\/p>\n<p><!-- default-view.php -->\n<div\n\tclass=\"ngg-galleryoverview default-view\n\t ngg-ajax-pagination-none\t\"\n\tid=\"ngg-gallery-fdbbc685245d23f12db2274b35a158c8-1\">\n\n\t\t<!-- Thumbnails -->\n\t\t\t\t<div id=\"ngg-image-0\" class=\"ngg-gallery-thumbnail-box\n\t\t\t\t\t\t\t\tngg-4-columns\t\t\t\"\n\t\t\t>\n\t\t\t\t\t\t<div class=\"ngg-gallery-thumbnail\">\n\t\t\t<a href=\"https:\/\/relax-ferienhaus.com\/wp-content\/gallery\/start-neu\/ferianhaus-relax-senftenberger-see-nr-5.jpg\"\n\t\t\t\ttitle=\"Ferienhaus - Lausitzer Seenland - Senftenberger See - Relax\"\n\t\t\t\tdata-src=\"https:\/\/relax-ferienhaus.com\/wp-content\/gallery\/start-neu\/ferianhaus-relax-senftenberger-see-nr-5.jpg\"\n\t\t\t\tdata-thumbnail=\"https:\/\/relax-ferienhaus.com\/wp-content\/gallery\/start-neu\/thumbs\/thumbs_ferianhaus-relax-senftenberger-see-nr-5.jpg\"\n\t\t\t\tdata-image-id=\"58\"\n\t\t\t\tdata-title=\"Ferienhaus - Lausitzer Seenland - Senftenberger See - Relax\"\n\t\t\t\tdata-description=\"Ferienhaus - Lausitzer Seenland - Senftenberger See - Relax\"\n\t\t\t\tdata-image-slug=\"ferienhaus-lausitzer-seenland-senftenberger-see-relax-8\"\n\t\t\t\tclass=\"ngg-fancybox\" rel=\"fdbbc685245d23f12db2274b35a158c8\">\n\t\t\t\t<img\n\t\t\t\t\ttitle=\"Ferienhaus - Lausitzer Seenland - Senftenberger See - Relax\"\n\t\t\t\t\talt=\"Ferienhaus - Lausitzer Seenland - Senftenberger See - Relax\"\n\t\t\t\t\tsrc=\"https:\/\/relax-ferienhaus.com\/wp-content\/gallery\/start-neu\/thumbs\/thumbs_ferianhaus-relax-senftenberger-see-nr-5.jpg\"\n\t\t\t\t\twidth=\"120\"\n\t\t\t\t\theight=\"90\"\n\t\t\t\t\tstyle=\"max-width:100%;\"\n\t\t\t\t\/>\n\t\t\t<\/a>\n\t\t<\/div>\n\t\t\t\t\t\t\t<\/div>\n\t\t\t\n\t\t\t\t<div id=\"ngg-image-1\" class=\"ngg-gallery-thumbnail-box\n\t\t\t\t\t\t\t\tngg-4-columns\t\t\t\"\n\t\t\t>\n\t\t\t\t\t\t<div class=\"ngg-gallery-thumbnail\">\n\t\t\t<a href=\"https:\/\/relax-ferienhaus.com\/wp-content\/gallery\/start-neu\/ferianhaus-relax-senftenberger-see-nr-4.jpg\"\n\t\t\t\ttitle=\"  Ferienhaus - Lausitzer Seenland - Senftenberger See - Relax\"\n\t\t\t\tdata-src=\"https:\/\/relax-ferienhaus.com\/wp-content\/gallery\/start-neu\/ferianhaus-relax-senftenberger-see-nr-4.jpg\"\n\t\t\t\tdata-thumbnail=\"https:\/\/relax-ferienhaus.com\/wp-content\/gallery\/start-neu\/thumbs\/thumbs_ferianhaus-relax-senftenberger-see-nr-4.jpg\"\n\t\t\t\tdata-image-id=\"57\"\n\t\t\t\tdata-title=\" Ferienhaus - Lausitzer Seenland - Senftenberger See - Relax\"\n\t\t\t\tdata-description=\"  Ferienhaus - Lausitzer Seenland - Senftenberger See - Relax\"\n\t\t\t\tdata-image-slug=\"ferienhaus-lausitzer-seenland-senftenberger-see-relax-7\"\n\t\t\t\tclass=\"ngg-fancybox\" rel=\"fdbbc685245d23f12db2274b35a158c8\">\n\t\t\t\t<img\n\t\t\t\t\ttitle=\" Ferienhaus - Lausitzer Seenland - Senftenberger See - Relax\"\n\t\t\t\t\talt=\" Ferienhaus - Lausitzer Seenland - Senftenberger See - Relax\"\n\t\t\t\t\tsrc=\"https:\/\/relax-ferienhaus.com\/wp-content\/gallery\/start-neu\/thumbs\/thumbs_ferianhaus-relax-senftenberger-see-nr-4.jpg\"\n\t\t\t\t\twidth=\"120\"\n\t\t\t\t\theight=\"90\"\n\t\t\t\t\tstyle=\"max-width:100%;\"\n\t\t\t\t\/>\n\t\t\t<\/a>\n\t\t<\/div>\n\t\t\t\t\t\t\t<\/div>\n\t\t\t\n\t\t\t\t<div id=\"ngg-image-2\" class=\"ngg-gallery-thumbnail-box\n\t\t\t\t\t\t\t\tngg-4-columns\t\t\t\"\n\t\t\t>\n\t\t\t\t\t\t<div class=\"ngg-gallery-thumbnail\">\n\t\t\t<a href=\"https:\/\/relax-ferienhaus.com\/wp-content\/gallery\/start-neu\/ferianhaus-relax-senftenberger-see-nr-1.jpg\"\n\t\t\t\ttitle=\"  Ferienhaus - Lausitzer Seenland - Senftenberger See - Relax\"\n\t\t\t\tdata-src=\"https:\/\/relax-ferienhaus.com\/wp-content\/gallery\/start-neu\/ferianhaus-relax-senftenberger-see-nr-1.jpg\"\n\t\t\t\tdata-thumbnail=\"https:\/\/relax-ferienhaus.com\/wp-content\/gallery\/start-neu\/thumbs\/thumbs_ferianhaus-relax-senftenberger-see-nr-1.jpg\"\n\t\t\t\tdata-image-id=\"54\"\n\t\t\t\tdata-title=\" Ferienhaus - Lausitzer Seenland - Senftenberger See - Relax\"\n\t\t\t\tdata-description=\"  Ferienhaus - Lausitzer Seenland - Senftenberger See - Relax\"\n\t\t\t\tdata-image-slug=\"ferienhaus-lausitzer-seenland-senftenberger-see-relax-4\"\n\t\t\t\tclass=\"ngg-fancybox\" rel=\"fdbbc685245d23f12db2274b35a158c8\">\n\t\t\t\t<img\n\t\t\t\t\ttitle=\" Ferienhaus - Lausitzer Seenland - Senftenberger See - Relax\"\n\t\t\t\t\talt=\" Ferienhaus - Lausitzer Seenland - Senftenberger See - Relax\"\n\t\t\t\t\tsrc=\"https:\/\/relax-ferienhaus.com\/wp-content\/gallery\/start-neu\/thumbs\/thumbs_ferianhaus-relax-senftenberger-see-nr-1.jpg\"\n\t\t\t\t\twidth=\"120\"\n\t\t\t\t\theight=\"90\"\n\t\t\t\t\tstyle=\"max-width:100%;\"\n\t\t\t\t\/>\n\t\t\t<\/a>\n\t\t<\/div>\n\t\t\t\t\t\t\t<\/div>\n\t\t\t\n\t\t\t\t<div id=\"ngg-image-3\" class=\"ngg-gallery-thumbnail-box\n\t\t\t\t\t\t\t\tngg-4-columns\t\t\t\"\n\t\t\t>\n\t\t\t\t\t\t<div class=\"ngg-gallery-thumbnail\">\n\t\t\t<a href=\"https:\/\/relax-ferienhaus.com\/wp-content\/gallery\/start-neu\/ferianhaus-relax-senftenberger-see-nr-8.jpg\"\n\t\t\t\ttitle=\"  Ferienhaus - Lausitzer Seenland - Senftenberger See - Relax\"\n\t\t\t\tdata-src=\"https:\/\/relax-ferienhaus.com\/wp-content\/gallery\/start-neu\/ferianhaus-relax-senftenberger-see-nr-8.jpg\"\n\t\t\t\tdata-thumbnail=\"https:\/\/relax-ferienhaus.com\/wp-content\/gallery\/start-neu\/thumbs\/thumbs_ferianhaus-relax-senftenberger-see-nr-8.jpg\"\n\t\t\t\tdata-image-id=\"53\"\n\t\t\t\tdata-title=\" Ferienhaus - Lausitzer Seenland - Senftenberger See - Relax\"\n\t\t\t\tdata-description=\"  Ferienhaus - Lausitzer Seenland - Senftenberger See - Relax\"\n\t\t\t\tdata-image-slug=\"ferienhaus-lausitzer-seenland-senftenberger-see-relax-3\"\n\t\t\t\tclass=\"ngg-fancybox\" rel=\"fdbbc685245d23f12db2274b35a158c8\">\n\t\t\t\t<img\n\t\t\t\t\ttitle=\" Ferienhaus - Lausitzer Seenland - Senftenberger See - Relax\"\n\t\t\t\t\talt=\" Ferienhaus - Lausitzer Seenland - Senftenberger See - Relax\"\n\t\t\t\t\tsrc=\"https:\/\/relax-ferienhaus.com\/wp-content\/gallery\/start-neu\/thumbs\/thumbs_ferianhaus-relax-senftenberger-see-nr-8.jpg\"\n\t\t\t\t\twidth=\"120\"\n\t\t\t\t\theight=\"90\"\n\t\t\t\t\tstyle=\"max-width:100%;\"\n\t\t\t\t\/>\n\t\t\t<\/a>\n\t\t<\/div>\n\t\t\t\t\t\t\t<\/div>\n\t\t\t\n\t\t\t\t<div id=\"ngg-image-4\" class=\"ngg-gallery-thumbnail-box\n\t\t\t\t\t\t\t\tngg-4-columns\t\t\t\"\n\t\t\t>\n\t\t\t\t\t\t<div class=\"ngg-gallery-thumbnail\">\n\t\t\t<a href=\"https:\/\/relax-ferienhaus.com\/wp-content\/gallery\/start-neu\/ferianhaus-relax-senftenberger-see-nr-7.jpg\"\n\t\t\t\ttitle=\"  Ferienhaus - Lausitzer Seenland - Senftenberger See - Relax\"\n\t\t\t\tdata-src=\"https:\/\/relax-ferienhaus.com\/wp-content\/gallery\/start-neu\/ferianhaus-relax-senftenberger-see-nr-7.jpg\"\n\t\t\t\tdata-thumbnail=\"https:\/\/relax-ferienhaus.com\/wp-content\/gallery\/start-neu\/thumbs\/thumbs_ferianhaus-relax-senftenberger-see-nr-7.jpg\"\n\t\t\t\tdata-image-id=\"52\"\n\t\t\t\tdata-title=\" Ferienhaus - Lausitzer Seenland - Senftenberger See - Relax\"\n\t\t\t\tdata-description=\"  Ferienhaus - Lausitzer Seenland - Senftenberger See - Relax\"\n\t\t\t\tdata-image-slug=\"ferienhaus-lausitzer-seenland-senftenberger-see-relax-2\"\n\t\t\t\tclass=\"ngg-fancybox\" rel=\"fdbbc685245d23f12db2274b35a158c8\">\n\t\t\t\t<img\n\t\t\t\t\ttitle=\" Ferienhaus - Lausitzer Seenland - Senftenberger See - Relax\"\n\t\t\t\t\talt=\" Ferienhaus - Lausitzer Seenland - Senftenberger See - Relax\"\n\t\t\t\t\tsrc=\"https:\/\/relax-ferienhaus.com\/wp-content\/gallery\/start-neu\/thumbs\/thumbs_ferianhaus-relax-senftenberger-see-nr-7.jpg\"\n\t\t\t\t\twidth=\"120\"\n\t\t\t\t\theight=\"90\"\n\t\t\t\t\tstyle=\"max-width:100%;\"\n\t\t\t\t\/>\n\t\t\t<\/a>\n\t\t<\/div>\n\t\t\t\t\t\t\t<\/div>\n\t\t\t\n\t\t\t\t<div id=\"ngg-image-5\" class=\"ngg-gallery-thumbnail-box\n\t\t\t\t\t\t\t\tngg-4-columns\t\t\t\"\n\t\t\t>\n\t\t\t\t\t\t<div class=\"ngg-gallery-thumbnail\">\n\t\t\t<a href=\"https:\/\/relax-ferienhaus.com\/wp-content\/gallery\/start-neu\/ferianhaus-relax-senftenberger-see-nr-3.jpg\"\n\t\t\t\ttitle=\"  Ferienhaus - Lausitzer Seenland - Senftenberger See - Relax\"\n\t\t\t\tdata-src=\"https:\/\/relax-ferienhaus.com\/wp-content\/gallery\/start-neu\/ferianhaus-relax-senftenberger-see-nr-3.jpg\"\n\t\t\t\tdata-thumbnail=\"https:\/\/relax-ferienhaus.com\/wp-content\/gallery\/start-neu\/thumbs\/thumbs_ferianhaus-relax-senftenberger-see-nr-3.jpg\"\n\t\t\t\tdata-image-id=\"56\"\n\t\t\t\tdata-title=\" Ferienhaus - Lausitzer Seenland - Senftenberger See - Relax\"\n\t\t\t\tdata-description=\"  Ferienhaus - Lausitzer Seenland - Senftenberger See - Relax\"\n\t\t\t\tdata-image-slug=\"ferienhaus-lausitzer-seenland-senftenberger-see-relax-6\"\n\t\t\t\tclass=\"ngg-fancybox\" rel=\"fdbbc685245d23f12db2274b35a158c8\">\n\t\t\t\t<img\n\t\t\t\t\ttitle=\" Ferienhaus - Lausitzer Seenland - Senftenberger See - Relax\"\n\t\t\t\t\talt=\" Ferienhaus - Lausitzer Seenland - Senftenberger See - Relax\"\n\t\t\t\t\tsrc=\"https:\/\/relax-ferienhaus.com\/wp-content\/gallery\/start-neu\/thumbs\/thumbs_ferianhaus-relax-senftenberger-see-nr-3.jpg\"\n\t\t\t\t\twidth=\"120\"\n\t\t\t\t\theight=\"90\"\n\t\t\t\t\tstyle=\"max-width:100%;\"\n\t\t\t\t\/>\n\t\t\t<\/a>\n\t\t<\/div>\n\t\t\t\t\t\t\t<\/div>\n\t\t\t\n\t\t\t\t<div id=\"ngg-image-6\" class=\"ngg-gallery-thumbnail-box\n\t\t\t\t\t\t\t\tngg-4-columns\t\t\t\"\n\t\t\t>\n\t\t\t\t\t\t<div class=\"ngg-gallery-thumbnail\">\n\t\t\t<a href=\"https:\/\/relax-ferienhaus.com\/wp-content\/gallery\/start-neu\/ferianhaus-relax-senftenberger-see-nr-2.jpg\"\n\t\t\t\ttitle=\"  Ferienhaus - Lausitzer Seenland - Senftenberger See - Relax\"\n\t\t\t\tdata-src=\"https:\/\/relax-ferienhaus.com\/wp-content\/gallery\/start-neu\/ferianhaus-relax-senftenberger-see-nr-2.jpg\"\n\t\t\t\tdata-thumbnail=\"https:\/\/relax-ferienhaus.com\/wp-content\/gallery\/start-neu\/thumbs\/thumbs_ferianhaus-relax-senftenberger-see-nr-2.jpg\"\n\t\t\t\tdata-image-id=\"55\"\n\t\t\t\tdata-title=\" Ferienhaus - Lausitzer Seenland - Senftenberger See - Relax\"\n\t\t\t\tdata-description=\"  Ferienhaus - Lausitzer Seenland - Senftenberger See - Relax\"\n\t\t\t\tdata-image-slug=\"ferienhaus-lausitzer-seenland-senftenberger-see-relax-5\"\n\t\t\t\tclass=\"ngg-fancybox\" rel=\"fdbbc685245d23f12db2274b35a158c8\">\n\t\t\t\t<img\n\t\t\t\t\ttitle=\" Ferienhaus - Lausitzer Seenland - Senftenberger See - Relax\"\n\t\t\t\t\talt=\" Ferienhaus - Lausitzer Seenland - Senftenberger See - Relax\"\n\t\t\t\t\tsrc=\"https:\/\/relax-ferienhaus.com\/wp-content\/gallery\/start-neu\/thumbs\/thumbs_ferianhaus-relax-senftenberger-see-nr-2.jpg\"\n\t\t\t\t\twidth=\"120\"\n\t\t\t\t\theight=\"90\"\n\t\t\t\t\tstyle=\"max-width:100%;\"\n\t\t\t\t\/>\n\t\t\t<\/a>\n\t\t<\/div>\n\t\t\t\t\t\t\t<\/div>\n\t\t\t\n\t\t\t\t<div id=\"ngg-image-7\" class=\"ngg-gallery-thumbnail-box\n\t\t\t\t\t\t\t\tngg-4-columns\t\t\t\"\n\t\t\t>\n\t\t\t\t\t\t<div class=\"ngg-gallery-thumbnail\">\n\t\t\t<a href=\"https:\/\/relax-ferienhaus.com\/wp-content\/gallery\/start-neu\/ferianhaus-relax-senftenberger-see-nr-6.jpg\"\n\t\t\t\ttitle=\"Ferienhaus - Lausitzer Seenland - Senftenberger See - Relax\"\n\t\t\t\tdata-src=\"https:\/\/relax-ferienhaus.com\/wp-content\/gallery\/start-neu\/ferianhaus-relax-senftenberger-see-nr-6.jpg\"\n\t\t\t\tdata-thumbnail=\"https:\/\/relax-ferienhaus.com\/wp-content\/gallery\/start-neu\/thumbs\/thumbs_ferianhaus-relax-senftenberger-see-nr-6.jpg\"\n\t\t\t\tdata-image-id=\"51\"\n\t\t\t\tdata-title=\"Ferienhaus - Lausitzer Seenland - Senftenberger See - Relax\"\n\t\t\t\tdata-description=\"Ferienhaus - Lausitzer Seenland - Senftenberger See - Relax\"\n\t\t\t\tdata-image-slug=\"ferienhaus-lausitzer-seenland-senftenberger-see-relax\"\n\t\t\t\tclass=\"ngg-fancybox\" rel=\"fdbbc685245d23f12db2274b35a158c8\">\n\t\t\t\t<img\n\t\t\t\t\ttitle=\"Ferienhaus - Lausitzer Seenland - Senftenberger See - Relax\"\n\t\t\t\t\talt=\"Ferienhaus - Lausitzer Seenland - Senftenberger See - Relax\"\n\t\t\t\t\tsrc=\"https:\/\/relax-ferienhaus.com\/wp-content\/gallery\/start-neu\/thumbs\/thumbs_ferianhaus-relax-senftenberger-see-nr-6.jpg\"\n\t\t\t\t\twidth=\"120\"\n\t\t\t\t\theight=\"90\"\n\t\t\t\t\tstyle=\"max-width:100%;\"\n\t\t\t\t\/>\n\t\t\t<\/a>\n\t\t<\/div>\n\t\t\t\t\t\t\t<\/div>\n\t\t\t\n\t\n\t<br style=\"clear: both\" \/>\n\n\t\t<div class=\"slideshowlink\">\n\t\t<a href='https:\/\/relax-ferienhaus.com\/herzlich-willkommen\/nggallery\/slideshow'>[Show slideshow]<\/a>\n\n\t<\/div>\n\t\n\t\t<!-- Pagination -->\n\t\t<div class='ngg-clear'><\/div>\t<\/div>\n<\/p>\n","protected":false},"excerpt":{"rendered":"<p>Ihr Traum &#8211; Urlaub im Ferienhaus Relax in Senftenberg &#8211; Gro\u00dfkoschen, mitten im Lausitzer Seenland am Senftenberger See. Unterkunft FEWO mit Sauna und Kamin. Bis zu 12 Personen k\u00f6nnen bei uns \u00fcbernachten. Bis zu 6 Peronen pro Ferienhaus. Und der Name ***RELAX*** ist Programm. Wir haben keine Kosten gescheut und unsere beiden Ferienh\u00e4user in Senftenberg, &hellip; <a href=\"https:\/\/relax-ferienhaus.com\/herzlich-willkommen\/\" class=\"more-link\"><span class=\"screen-reader-text\">Herzlich Willkommen<\/span> weiterlesen <span class=\"meta-nav\">&rarr;<\/span><\/a><\/p>\n","protected":false},"author":1,"featured_media":255,"parent":0,"menu_order":0,"comment_status":"closed","ping_status":"open","template":"","meta":{"ngg_post_thumbnail":0,"footnotes":""},"class_list":["post-2","page","type-page","status-publish","has-post-thumbnail","hentry"],"_links":{"self":[{"href":"https:\/\/relax-ferienhaus.com\/herzlich-willkommen\/wp-json\/wp\/v2\/pages\/2","targetHints":{"allow":["GET"]}}],"collection":[{"href":"https:\/\/relax-ferienhaus.com\/herzlich-willkommen\/wp-json\/wp\/v2\/pages"}],"about":[{"href":"https:\/\/relax-ferienhaus.com\/herzlich-willkommen\/wp-json\/wp\/v2\/types\/page"}],"author":[{"embeddable":true,"href":"https:\/\/relax-ferienhaus.com\/herzlich-willkommen\/wp-json\/wp\/v2\/users\/1"}],"replies":[{"embeddable":true,"href":"https:\/\/relax-ferienhaus.com\/herzlich-willkommen\/wp-json\/wp\/v2\/comments?post=2"}],"version-history":[{"count":46,"href":"https:\/\/relax-ferienhaus.com\/herzlich-willkommen\/wp-json\/wp\/v2\/pages\/2\/revisions"}],"predecessor-version":[{"id":630,"href":"https:\/\/relax-ferienhaus.com\/herzlich-willkommen\/wp-json\/wp\/v2\/pages\/2\/revisions\/630"}],"wp:featuredmedia":[{"embeddable":true,"href":"https:\/\/relax-ferienhaus.com\/herzlich-willkommen\/wp-json\/wp\/v2\/media\/255"}],"wp:attachment":[{"href":"https:\/\/relax-ferienhaus.com\/herzlich-willkommen\/wp-json\/wp\/v2\/media?parent=2"}],"curies":[{"name":"wp","href":"https:\/\/api.w.org\/{rel}","templated":true}]}}