{"id":202,"date":"2014-02-21T21:52:59","date_gmt":"2014-02-21T19:52:59","guid":{"rendered":"http:\/\/relax-ferienhaus.com\/?page_id=202"},"modified":"2015-09-25T13:16:27","modified_gmt":"2015-09-25T11:16:27","slug":"standort-anfahrt","status":"publish","type":"page","link":"https:\/\/relax-ferienhaus.com\/herzlich-willkommen\/kontakt-sonstiges\/standort-anfahrt\/","title":{"rendered":"Standort &#038; Anfahrt"},"content":{"rendered":"<p>Unsere Ferienh\u00e4user <em><strong><span style=\"color: #ff0000;\">RELAX<\/span><\/strong><\/em> liegen im Herzen des Lausitzer Seenland, im Naherholungsgebiet Gro\u00dfkoschen am Senftenberger See.<\/p>\n<p>Gro\u00dfkoschen ist ein Ortsteil von Senftenberg und liegt im Bundesland Brandenburg, genau zwischen Dresden und Berlin.<\/p>\n<p>Nutzen sie einfach die interaktive Karte um unser Ferienhaus am Senftenberger See zu finden.<\/p>\n<p><strong>Wir w\u00fcrden uns freuen Ihnen einen unvergesslichen Urlaub zu bereiten.<\/strong><\/p>\n<p><strong>Ferienh\u00e4user <em><span style=\"color: #ff0000;\">RELAX<\/span><\/em><\/strong><br \/>\nLautaer-Stra\u00dfe 23 &amp; 25<br \/>\n01968 Senftenberg \u2013 Gro\u00dfkoschen<\/p>\n<p>0163 6050043<br \/>\n<a href=\"mailto:info@relax-ferienhaus.de\">relax-ferienhaus@gmx.de<\/a><\/p>\n<p><iframe loading=\"lazy\" src=\"https:\/\/www.google.de\/maps?f=q&amp;source=s_q&amp;hl=de&amp;geocode=&amp;q=Lautaer+Stra%C3%9Fe+23,+01968,+Gro%C3%9Fkoschen,+Senftenberg&amp;aq=0&amp;oq=+Lautaer-Stra%C3%9Fe+23++01968+Senftenberg+%E2%80%93+Gro%C3%9Fkoschen&amp;sll=51.493889,14.061148&amp;sspn=0.009819,0.026157&amp;ie=UTF8&amp;hq=&amp;hnear=Lautaer+Stra%C3%9Fe+23,+Gro%C3%9Fkoschen+01968+Senftenberg&amp;ll=51.493889,14.061148&amp;spn=0.00982,0.026157&amp;t=m&amp;z=14&amp;output=embed\" width=\"425\" height=\"350\" frameborder=\"0\" marginwidth=\"0\" marginheight=\"0\" scrolling=\"no\"><\/iframe><br \/>\n<small><a style=\"color: #0000ff; text-align: left;\" href=\"https:\/\/www.google.de\/maps?f=q&amp;source=embed&amp;hl=de&amp;geocode=&amp;q=Lautaer+Stra%C3%9Fe+23,+01968,+Gro%C3%9Fkoschen,+Senftenberg&amp;aq=0&amp;oq=+Lautaer-Stra%C3%9Fe+23++01968+Senftenberg+%E2%80%93+Gro%C3%9Fkoschen&amp;sll=51.493889,14.061148&amp;sspn=0.009819,0.026157&amp;ie=UTF8&amp;hq=&amp;hnear=Lautaer+Stra%C3%9Fe+23,+Gro%C3%9Fkoschen+01968+Senftenberg&amp;ll=51.493889,14.061148&amp;spn=0.00982,0.026157&amp;t=m&amp;z=14\">Gr\u00f6\u00dfere Kartenansicht<\/a><\/small><\/p>\n","protected":false},"excerpt":{"rendered":"<p>Unsere Ferienh\u00e4user RELAX liegen im Herzen des Lausitzer Seenland, im Naherholungsgebiet Gro\u00dfkoschen am Senftenberger See. Gro\u00dfkoschen ist ein Ortsteil von Senftenberg und liegt im Bundesland Brandenburg, genau zwischen Dresden und Berlin. Nutzen sie einfach die interaktive Karte um unser Ferienhaus am Senftenberger See zu finden. Wir w\u00fcrden uns freuen Ihnen einen unvergesslichen Urlaub zu bereiten. &hellip; <a href=\"https:\/\/relax-ferienhaus.com\/herzlich-willkommen\/kontakt-sonstiges\/standort-anfahrt\/\" class=\"more-link\"><span class=\"screen-reader-text\">Standort &#038; Anfahrt<\/span> weiterlesen <span class=\"meta-nav\">&rarr;<\/span><\/a><\/p>\n","protected":false},"author":1,"featured_media":453,"parent":199,"menu_order":0,"comment_status":"closed","ping_status":"open","template":"","meta":{"ngg_post_thumbnail":0,"footnotes":""},"class_list":["post-202","page","type-page","status-publish","has-post-thumbnail","hentry"],"_links":{"self":[{"href":"https:\/\/relax-ferienhaus.com\/herzlich-willkommen\/wp-json\/wp\/v2\/pages\/202","targetHints":{"allow":["GET"]}}],"collection":[{"href":"https:\/\/relax-ferienhaus.com\/herzlich-willkommen\/wp-json\/wp\/v2\/pages"}],"about":[{"href":"https:\/\/relax-ferienhaus.com\/herzlich-willkommen\/wp-json\/wp\/v2\/types\/page"}],"author":[{"embeddable":true,"href":"https:\/\/relax-ferienhaus.com\/herzlich-willkommen\/wp-json\/wp\/v2\/users\/1"}],"replies":[{"embeddable":true,"href":"https:\/\/relax-ferienhaus.com\/herzlich-willkommen\/wp-json\/wp\/v2\/comments?post=202"}],"version-history":[{"count":17,"href":"https:\/\/relax-ferienhaus.com\/herzlich-willkommen\/wp-json\/wp\/v2\/pages\/202\/revisions"}],"predecessor-version":[{"id":636,"href":"https:\/\/relax-ferienhaus.com\/herzlich-willkommen\/wp-json\/wp\/v2\/pages\/202\/revisions\/636"}],"up":[{"embeddable":true,"href":"https:\/\/relax-ferienhaus.com\/herzlich-willkommen\/wp-json\/wp\/v2\/pages\/199"}],"wp:featuredmedia":[{"embeddable":true,"href":"https:\/\/relax-ferienhaus.com\/herzlich-willkommen\/wp-json\/wp\/v2\/media\/453"}],"wp:attachment":[{"href":"https:\/\/relax-ferienhaus.com\/herzlich-willkommen\/wp-json\/wp\/v2\/media?parent=202"}],"curies":[{"name":"wp","href":"https:\/\/api.w.org\/{rel}","templated":true}]}}