{"id":210,"date":"2014-02-21T21:58:00","date_gmt":"2014-02-21T19:58:00","guid":{"rendered":"http:\/\/relax-ferienhaus.com\/?page_id=210"},"modified":"2025-05-19T16:58:12","modified_gmt":"2025-05-19T14:58:12","slug":"impressum","status":"publish","type":"page","link":"https:\/\/relax-ferienhaus.com\/herzlich-willkommen\/kontakt-sonstiges\/impressum\/","title":{"rendered":"Impressum"},"content":{"rendered":"<p>Impressum und rechtliche Hinweise f\u00fcr das Ferienhaus<br \/>\n<strong><span style=\"color: #ff0000;\"><em> RELAX<\/em><\/span> in Senftenberg-Gro\u00dfkoschen am Senftenberger See<br \/>\n<\/strong><\/p>\n<p><strong>Firma:<\/strong><br \/>\nFerienh\u00e4user <span style=\"color: #ff0000;\"><em><strong>RELAX<\/strong><\/em><\/span><br \/>\nLautaer-Stra\u00dfe 23 &amp; 25<br \/>\n01968 Senftenberg &#8211; Gro\u00dfkoschen<\/p>\n<p><strong>Telefon:<\/strong><br \/>\n0163 6050043<\/p>\n<p><strong>Internetadresse:<\/strong><br \/>\nhttp:\/\/www.relax-ferienhaus.com<\/p>\n<p><strong>E-Mail:<\/strong><br \/>\n<a href=\"mailto:info@relax-ferienhaus.de\">relax-ferienhaus@gmx.de<\/a><\/p>\n<p><strong>Offiz. Firmenbezeichnung:<\/strong><br \/>\nFerienh\u00e4user RELAX<\/p>\n<p><strong>Verantwortliche Person und Position:<\/strong><br \/>\nOlaf Potenberg &#8211; Inhaber<br \/>\nDresdener-Strasse 14b<br \/>\n01968 \/ Gro\u00dfkoschen<\/p>\n<p><strong>Haftungsausschluss<\/strong><br \/>\nFerienh\u00e4user RELAX<br \/>\nDresdener Stra\u00dfe 14b 01968 Senftenberg &#8211; Gro\u00dfkoschen<br \/>\nTelefon: 0163 6050043<br \/>\nE-Mail: relax-ferienhaus@gmx.de<\/p>\n<p><strong>Datenschutz &amp; Haftungsausschluss<\/strong><br \/>\n<strong> Haftung f\u00fcr Inhalte<\/strong><br \/>\nDie Inhalte unserer Seiten wurden mit gr\u00f6\u00dfter Sorgfalt erstellt. F\u00fcr die Richtigkeit, Vollst\u00e4ndigkeit und Aktualit\u00e4t der Inhalte k\u00f6nnen wir jedoch keine Gew\u00e4hr \u00fcbernehmen. Als Diensteanbieter sind wir gem\u00e4\u00df \u00a7 7 Abs.1 TMG f\u00fcr eigene Inhalte auf diesen Seiten nach den allgemeinen Gesetzen verantwortlich. Nach \u00a7 8 bis 10 TMG sind wir als Diensteanbieter jedoch nicht verpflichtet, \u00fcbermittelte oder gespeicherte fremde Informationen zu \u00fcberwachen oder nach Umst\u00e4nden zu forschen, die auf eine rechtswidrige T\u00e4tigkeit hinweisen. Verpflichtungen zur Entfernung oder Sperrung der Nutzung von Informationen nach den allgemeinen Gesetzen bleiben hiervon unber\u00fchrt. Eine diesbez\u00fcgliche Haftung ist jedoch erst ab dem Zeitpunkt der Kenntnis einer konkreten Rechtsverletzung m\u00f6glich. Bei Bekanntwerden von entsprechenden Rechtsverletzungen werden wir diese Inhalte umgehend entfernen.<\/p>\n<p><strong>Haftung f\u00fcr Links<\/strong><br \/>\nUnser Angebot enth\u00e4lt Links zu externen Webseiten Dritter, auf deren Inhalte wir keinen Einfluss haben. Deshalb k\u00f6nnen wir f\u00fcr diese fremden Inhalte auch keine Gew\u00e4hr \u00fcbernehmen. F\u00fcr die Inhalte der verlinkten Seiten ist stets der jeweilige Anbieter oder Betreiber der Seiten verantwortlich. Die verlinkten Seiten wurden zum Zeitpunkt der Verlinkung auf m\u00f6gliche Rechtsverst\u00f6\u00dfe \u00fcberpr\u00fcft. Rechtswidrige Inhalte waren zum Zeitpunkt der Verlinkung nicht erkennbar. Eine permanente inhaltliche Kontrolle der verlinkten Seiten ist jedoch ohne konkrete Anhaltspunkte einer Rechtsverletzung nicht zumutbar. Bei Bekanntwerden von Rechtsverletzungen werden wir derartige Links umgehend entfernen.<\/p>\n<p><strong>Urheberrecht<\/strong><br \/>\nDie durch die Seitenbetreiber erstellten Inhalte und Werke auf diesen Seiten unterliegen dem deutschen Urheberrecht. Die Vervielf\u00e4ltigung, Bearbeitung, Verbreitung und jede Art der Verwertung au\u00dferhalb der Grenzen des Urheberrechtes bed\u00fcrfen der schriftlichen Zustimmung des jeweiligen Autors bzw. Erstellers.<br \/>\nDownloads und Kopien dieser Seite sind nur f\u00fcr den privaten, nicht kommerziellen Gebrauch gestattet. Soweit die Inhalte auf dieser Seite nicht vom Betreiber erstellt wurden, werden die Urheberrechte Dritter beachtet. Insbesondere werden Inhalte Dritter als solche gekennzeichnet. Sollten Sie trotzdem auf eine Urheberrechtsverletzung aufmerksam werden, bitten wir um einen entsprechenden Hinweis. Bei Bekanntwerden von Rechtsverletzungen werden wir derartige Inhalte umgehend entfernen.<\/p>\n<p><strong>Datenschutz<\/strong><br \/>\nDie Nutzung unserer Webseite ist in der Regel ohne Angabe personenbezogener Daten m\u00f6glich. Soweit auf unseren Seiten personenbezogene Daten (beispielsweise Name, Anschrift oder eMail-Adressen) erhoben werden, erfolgt dies, soweit m\u00f6glich, stets auf freiwilliger Basis. Diese Daten werden ohne Ihre ausdr\u00fcckliche Zustimmung nicht an Dritte weitergegeben. Wir weisen darauf hin, dass die Daten\u00fcbertragung im Internet (z.B. bei der Kommunikation per E-Mail) Sicherheitsl\u00fccken aufweisen kann. Ein l\u00fcckenloser Schutz der Daten vor dem Zugriff durch Dritte ist nicht m\u00f6glich. Der Nutzung von im Rahmen der Impressumspflicht ver\u00f6ffentlichten Kontaktdaten durch Dritte zur \u00dcbersendung von nicht ausdr\u00fccklich angeforderter Werbung und Informationsmaterialien wird hiermit ausdr\u00fccklich widersprochen. Die Betreiber der Seiten behalten sich ausdr\u00fccklich rechtliche Schritte im Falle der unverlangten Zusendung von Werbeinformationen, etwa durch Spam-Mails, vor.<\/p>\n<p><strong>Haftungsausschluss<\/strong><br \/>\nDer Vermieter haftet nicht f\u00fcr Verlust oder Besch\u00e4digung von eingebrachten Sachen<br \/>\njeglicher Art, einschlie\u00dflich Pkw.<\/p>\n","protected":false},"excerpt":{"rendered":"<p>Impressum und rechtliche Hinweise f\u00fcr das Ferienhaus RELAX in Senftenberg-Gro\u00dfkoschen am Senftenberger See Firma: Ferienh\u00e4user RELAX Lautaer-Stra\u00dfe 23 &amp; 25 01968 Senftenberg &#8211; Gro\u00dfkoschen Telefon: 0163 6050043 Internetadresse: http:\/\/www.relax-ferienhaus.com E-Mail: relax-ferienhaus@gmx.de Offiz. Firmenbezeichnung: Ferienh\u00e4user RELAX Verantwortliche Person und Position: Olaf Potenberg &#8211; Inhaber Dresdener-Strasse 14b 01968 \/ Gro\u00dfkoschen Haftungsausschluss Ferienh\u00e4user RELAX Dresdener Stra\u00dfe 14b 01968 &hellip; <a href=\"https:\/\/relax-ferienhaus.com\/herzlich-willkommen\/kontakt-sonstiges\/impressum\/\" class=\"more-link\"><span class=\"screen-reader-text\">Impressum<\/span> weiterlesen <span class=\"meta-nav\">&rarr;<\/span><\/a><\/p>\n","protected":false},"author":1,"featured_media":455,"parent":199,"menu_order":0,"comment_status":"closed","ping_status":"open","template":"","meta":{"ngg_post_thumbnail":0,"footnotes":""},"class_list":["post-210","page","type-page","status-publish","has-post-thumbnail","hentry"],"_links":{"self":[{"href":"https:\/\/relax-ferienhaus.com\/herzlich-willkommen\/wp-json\/wp\/v2\/pages\/210","targetHints":{"allow":["GET"]}}],"collection":[{"href":"https:\/\/relax-ferienhaus.com\/herzlich-willkommen\/wp-json\/wp\/v2\/pages"}],"about":[{"href":"https:\/\/relax-ferienhaus.com\/herzlich-willkommen\/wp-json\/wp\/v2\/types\/page"}],"author":[{"embeddable":true,"href":"https:\/\/relax-ferienhaus.com\/herzlich-willkommen\/wp-json\/wp\/v2\/users\/1"}],"replies":[{"embeddable":true,"href":"https:\/\/relax-ferienhaus.com\/herzlich-willkommen\/wp-json\/wp\/v2\/comments?post=210"}],"version-history":[{"count":11,"href":"https:\/\/relax-ferienhaus.com\/herzlich-willkommen\/wp-json\/wp\/v2\/pages\/210\/revisions"}],"predecessor-version":[{"id":1382,"href":"https:\/\/relax-ferienhaus.com\/herzlich-willkommen\/wp-json\/wp\/v2\/pages\/210\/revisions\/1382"}],"up":[{"embeddable":true,"href":"https:\/\/relax-ferienhaus.com\/herzlich-willkommen\/wp-json\/wp\/v2\/pages\/199"}],"wp:featuredmedia":[{"embeddable":true,"href":"https:\/\/relax-ferienhaus.com\/herzlich-willkommen\/wp-json\/wp\/v2\/media\/455"}],"wp:attachment":[{"href":"https:\/\/relax-ferienhaus.com\/herzlich-willkommen\/wp-json\/wp\/v2\/media?parent=210"}],"curies":[{"name":"wp","href":"https:\/\/api.w.org\/{rel}","templated":true}]}}