{"id":283,"date":"2014-02-26T20:49:20","date_gmt":"2014-02-26T18:49:20","guid":{"rendered":"http:\/\/relax-ferienhaus.com\/herzlich-willkommen\/?page_id=283"},"modified":"2025-05-19T17:00:33","modified_gmt":"2025-05-19T15:00:33","slug":"wellnessangebot","status":"publish","type":"page","link":"https:\/\/relax-ferienhaus.com\/herzlich-willkommen\/unsere-ferienhaeuser\/wellnessangebot\/","title":{"rendered":"Wellnessangebot"},"content":{"rendered":"<p><strong>Ferienhaus Relax, die Unterkunft im Lausitzer<br \/>\nSeenland mit privater Sauna und Kamin<\/strong><\/p>\n<blockquote><p><strong><span style=\"color: #ff0000;\">&#8230;.Wellnesstage am Senftenberger See&#8230;.<\/span><\/strong><\/p><\/blockquote>\n<p>Nutzen Sie die Chance und finden Sie Ruhe und Erholung in unserem<br \/>\nnagelneuen und luxuri\u00f6s ausgestatteten Ferienhaus.<\/p>\n<p>Genie\u00dfen Sie einen Saunaaufguss in der gro\u00dfz\u00fcgigen Sauna mit Sound<br \/>\nund LED-Farbspiel.<\/p>\n<p>Zur Erfrischung geht es dann unter die Erlebnisdusche.<\/p>\n<p>Kuscheln sie sich in ihren Bademantel und verbringen sie den Abend in<br \/>\nv\u00f6lliger Ruhe vor dem Kamin, bei knisternden Feuer und einem Glas&#8230;<\/p>\n<blockquote><p><span style=\"color: #ff0000;\"><strong>Wellness &#8211; Spezial<\/strong>:<\/span><\/p><\/blockquote>\n<p><span style=\"line-height: 29px;\">* g\u00fcltig nur in der <strong>Nebensaison<\/strong><br \/>\n* Termine <strong>unbedingt<\/strong> vorher anfragen<br \/>\n* <strong>75,- \u20ac<\/strong> pro Person und Nacht<br \/>\n* <span style=\"line-height: 29px;\">bezogene Betten bei Anreise, mit <strong>\u00dcberraschung<\/strong><\/span><br \/>\n* <span style=\"line-height: 29px;\">Handt\u00fccher, Saunat\u00fccher sowie Duscht\u00fccher <strong>inklusive<\/strong><\/span><br \/>\n* <span style=\"line-height: 29px;\">Saunanutzung &amp; Kamin <strong>inklusive<\/strong><span style=\"line-height: 29px;\"><br \/>\n* Saunaaufguss &amp; Kaminholz ( 5 kg ) <strong>inklusive<\/strong><\/span><\/span><br \/>\n* <span style=\"line-height: 29px;\">alle Nebenkosten <strong>inklusive<\/strong><\/span><br \/>\n* <strong>3<\/strong> \u00dcbernachtungen im romantischen Ferienhaus<br \/>\n* <strong>450,- \u20ac f\u00fcr 2 Personen<\/strong><span style=\"line-height: 29px;\"><br \/>\n<\/span><\/span><\/p>\n<p><p>Invalid Displayed Gallery<\/p><\/p>\n","protected":false},"excerpt":{"rendered":"<p>Ferienhaus Relax, die Unterkunft im Lausitzer Seenland mit privater Sauna und Kamin &#8230;.Wellnesstage am Senftenberger See&#8230;. Nutzen Sie die Chance und finden Sie Ruhe und Erholung in unserem nagelneuen und luxuri\u00f6s ausgestatteten Ferienhaus. Genie\u00dfen Sie einen Saunaaufguss in der gro\u00dfz\u00fcgigen Sauna mit Sound und LED-Farbspiel. Zur Erfrischung geht es dann unter die Erlebnisdusche. Kuscheln sie &hellip; <a href=\"https:\/\/relax-ferienhaus.com\/herzlich-willkommen\/unsere-ferienhaeuser\/wellnessangebot\/\" class=\"more-link\"><span class=\"screen-reader-text\">Wellnessangebot<\/span> weiterlesen <span class=\"meta-nav\">&rarr;<\/span><\/a><\/p>\n","protected":false},"author":1,"featured_media":401,"parent":142,"menu_order":0,"comment_status":"closed","ping_status":"open","template":"","meta":{"ngg_post_thumbnail":0,"footnotes":""},"class_list":["post-283","page","type-page","status-publish","has-post-thumbnail","hentry"],"_links":{"self":[{"href":"https:\/\/relax-ferienhaus.com\/herzlich-willkommen\/wp-json\/wp\/v2\/pages\/283","targetHints":{"allow":["GET"]}}],"collection":[{"href":"https:\/\/relax-ferienhaus.com\/herzlich-willkommen\/wp-json\/wp\/v2\/pages"}],"about":[{"href":"https:\/\/relax-ferienhaus.com\/herzlich-willkommen\/wp-json\/wp\/v2\/types\/page"}],"author":[{"embeddable":true,"href":"https:\/\/relax-ferienhaus.com\/herzlich-willkommen\/wp-json\/wp\/v2\/users\/1"}],"replies":[{"embeddable":true,"href":"https:\/\/relax-ferienhaus.com\/herzlich-willkommen\/wp-json\/wp\/v2\/comments?post=283"}],"version-history":[{"count":16,"href":"https:\/\/relax-ferienhaus.com\/herzlich-willkommen\/wp-json\/wp\/v2\/pages\/283\/revisions"}],"predecessor-version":[{"id":1383,"href":"https:\/\/relax-ferienhaus.com\/herzlich-willkommen\/wp-json\/wp\/v2\/pages\/283\/revisions\/1383"}],"up":[{"embeddable":true,"href":"https:\/\/relax-ferienhaus.com\/herzlich-willkommen\/wp-json\/wp\/v2\/pages\/142"}],"wp:featuredmedia":[{"embeddable":true,"href":"https:\/\/relax-ferienhaus.com\/herzlich-willkommen\/wp-json\/wp\/v2\/media\/401"}],"wp:attachment":[{"href":"https:\/\/relax-ferienhaus.com\/herzlich-willkommen\/wp-json\/wp\/v2\/media?parent=283"}],"curies":[{"name":"wp","href":"https:\/\/api.w.org\/{rel}","templated":true}]}}